{"id":3647,"date":"2021-12-13T18:44:23","date_gmt":"2021-12-13T17:44:23","guid":{"rendered":"https:\/\/www.napoje.sk\/?page_id=3647"},"modified":"2022-04-05T21:25:51","modified_gmt":"2022-04-05T19:25:51","slug":"news-from-our-world","status":"publish","type":"page","link":"https:\/\/www.napoje.sk\/en\/news-from-our-world\/","title":{"rendered":"News From Our World"},"content":{"rendered":"","protected":false},"excerpt":{"rendered":"","protected":false},"author":7,"featured_media":0,"parent":0,"menu_order":0,"comment_status":"closed","ping_status":"closed","template":"templates\/news.php","meta":{"inline_featured_image":false,"footnotes":""},"acf":[],"yoast_head":"<!-- This site is optimized with the Yoast SEO plugin v21.5 - https:\/\/yoast.com\/wordpress\/plugins\/seo\/ -->\n<title>News From Our World | N\u00e1poje Budi\u0161<\/title>\n<meta name=\"robots\" content=\"index, follow, max-snippet:-1, max-image-preview:large, max-video-preview:-1\" \/>\n<link rel=\"canonical\" href=\"https:\/\/www.napoje.sk\/en\/news-from-our-world\/\" \/>\n<meta property=\"og:locale\" content=\"en_US\" \/>\n<meta property=\"og:type\" content=\"article\" \/>\n<meta property=\"og:title\" content=\"News From Our World | N\u00e1poje Budi\u0161\" \/>\n<meta property=\"og:url\" content=\"https:\/\/www.napoje.sk\/en\/news-from-our-world\/\" \/>\n<meta property=\"og:site_name\" content=\"Budi\u0161\" \/>\n<meta property=\"article:modified_time\" content=\"2022-04-05T19:25:51+00:00\" \/>\n<meta name=\"twitter:card\" content=\"summary_large_image\" \/>\n<script type=\"application\/ld+json\" class=\"yoast-schema-graph\">{\"@context\":\"https:\/\/schema.org\",\"@graph\":[{\"@type\":\"WebPage\",\"@id\":\"https:\/\/www.napoje.sk\/en\/news-from-our-world\/\",\"url\":\"https:\/\/www.napoje.sk\/en\/news-from-our-world\/\",\"name\":\"News From Our World | N\u00e1poje Budi\u0161\",\"isPartOf\":{\"@id\":\"https:\/\/www.napoje.sk\/#website\"},\"datePublished\":\"2021-12-13T17:44:23+00:00\",\"dateModified\":\"2022-04-05T19:25:51+00:00\",\"breadcrumb\":{\"@id\":\"https:\/\/www.napoje.sk\/en\/news-from-our-world\/#breadcrumb\"},\"inLanguage\":\"en-US\",\"potentialAction\":[{\"@type\":\"ReadAction\",\"target\":[\"https:\/\/www.napoje.sk\/en\/news-from-our-world\/\"]}]},{\"@type\":\"BreadcrumbList\",\"@id\":\"https:\/\/www.napoje.sk\/en\/news-from-our-world\/#breadcrumb\",\"itemListElement\":[{\"@type\":\"ListItem\",\"position\":1,\"name\":\"Domovsk\u00e1 str\u00e1nka\",\"item\":\"https:\/\/www.napoje.sk\/en\/\"},{\"@type\":\"ListItem\",\"position\":2,\"name\":\"News From Our World\"}]},{\"@type\":\"WebSite\",\"@id\":\"https:\/\/www.napoje.sk\/#website\",\"url\":\"https:\/\/www.napoje.sk\/\",\"name\":\"Budi\u0161\",\"description\":\"Bo\u017esk\u00e1 chu\u0165 miner\u00e1lky\",\"publisher\":{\"@id\":\"https:\/\/www.napoje.sk\/#organization\"},\"potentialAction\":[{\"@type\":\"SearchAction\",\"target\":{\"@type\":\"EntryPoint\",\"urlTemplate\":\"https:\/\/www.napoje.sk\/?s={search_term_string}\"},\"query-input\":\"required name=search_term_string\"}],\"inLanguage\":\"en-US\"},{\"@type\":\"Organization\",\"@id\":\"https:\/\/www.napoje.sk\/#organization\",\"name\":\"Budi\u0161\",\"url\":\"https:\/\/www.napoje.sk\/\",\"logo\":{\"@type\":\"ImageObject\",\"inLanguage\":\"en-US\",\"@id\":\"https:\/\/www.napoje.sk\/#\/schema\/logo\/image\/\",\"url\":\"https:\/\/www.napoje.sk\/wp-content\/uploads\/sites\/2\/2025\/02\/Budis-logo-menu01.svg\",\"contentUrl\":\"https:\/\/www.napoje.sk\/wp-content\/uploads\/sites\/2\/2025\/02\/Budis-logo-menu01.svg\",\"caption\":\"Budi\u0161\"},\"image\":{\"@id\":\"https:\/\/www.napoje.sk\/#\/schema\/logo\/image\/\"}}]}<\/script>\n<!-- \/ Yoast SEO plugin. -->","yoast_head_json":{"title":"News From Our World | N\u00e1poje Budi\u0161","robots":{"index":"index","follow":"follow","max-snippet":"max-snippet:-1","max-image-preview":"max-image-preview:large","max-video-preview":"max-video-preview:-1"},"canonical":"https:\/\/www.napoje.sk\/en\/news-from-our-world\/","og_locale":"en_US","og_type":"article","og_title":"News From Our World | N\u00e1poje Budi\u0161","og_url":"https:\/\/www.napoje.sk\/en\/news-from-our-world\/","og_site_name":"Budi\u0161","article_modified_time":"2022-04-05T19:25:51+00:00","twitter_card":"summary_large_image","schema":{"@context":"https:\/\/schema.org","@graph":[{"@type":"WebPage","@id":"https:\/\/www.napoje.sk\/en\/news-from-our-world\/","url":"https:\/\/www.napoje.sk\/en\/news-from-our-world\/","name":"News From Our World | N\u00e1poje Budi\u0161","isPartOf":{"@id":"https:\/\/www.napoje.sk\/#website"},"datePublished":"2021-12-13T17:44:23+00:00","dateModified":"2022-04-05T19:25:51+00:00","breadcrumb":{"@id":"https:\/\/www.napoje.sk\/en\/news-from-our-world\/#breadcrumb"},"inLanguage":"en-US","potentialAction":[{"@type":"ReadAction","target":["https:\/\/www.napoje.sk\/en\/news-from-our-world\/"]}]},{"@type":"BreadcrumbList","@id":"https:\/\/www.napoje.sk\/en\/news-from-our-world\/#breadcrumb","itemListElement":[{"@type":"ListItem","position":1,"name":"Domovsk\u00e1 str\u00e1nka","item":"https:\/\/www.napoje.sk\/en\/"},{"@type":"ListItem","position":2,"name":"News From Our World"}]},{"@type":"WebSite","@id":"https:\/\/www.napoje.sk\/#website","url":"https:\/\/www.napoje.sk\/","name":"Budi\u0161","description":"Bo\u017esk\u00e1 chu\u0165 miner\u00e1lky","publisher":{"@id":"https:\/\/www.napoje.sk\/#organization"},"potentialAction":[{"@type":"SearchAction","target":{"@type":"EntryPoint","urlTemplate":"https:\/\/www.napoje.sk\/?s={search_term_string}"},"query-input":"required name=search_term_string"}],"inLanguage":"en-US"},{"@type":"Organization","@id":"https:\/\/www.napoje.sk\/#organization","name":"Budi\u0161","url":"https:\/\/www.napoje.sk\/","logo":{"@type":"ImageObject","inLanguage":"en-US","@id":"https:\/\/www.napoje.sk\/#\/schema\/logo\/image\/","url":"https:\/\/www.napoje.sk\/wp-content\/uploads\/sites\/2\/2025\/02\/Budis-logo-menu01.svg","contentUrl":"https:\/\/www.napoje.sk\/wp-content\/uploads\/sites\/2\/2025\/02\/Budis-logo-menu01.svg","caption":"Budi\u0161"},"image":{"@id":"https:\/\/www.napoje.sk\/#\/schema\/logo\/image\/"}}]}},"_links":{"self":[{"href":"https:\/\/www.napoje.sk\/en\/wp-json\/wp\/v2\/pages\/3647"}],"collection":[{"href":"https:\/\/www.napoje.sk\/en\/wp-json\/wp\/v2\/pages"}],"about":[{"href":"https:\/\/www.napoje.sk\/en\/wp-json\/wp\/v2\/types\/page"}],"author":[{"embeddable":true,"href":"https:\/\/www.napoje.sk\/en\/wp-json\/wp\/v2\/users\/7"}],"replies":[{"embeddable":true,"href":"https:\/\/www.napoje.sk\/en\/wp-json\/wp\/v2\/comments?post=3647"}],"version-history":[{"count":1,"href":"https:\/\/www.napoje.sk\/en\/wp-json\/wp\/v2\/pages\/3647\/revisions"}],"predecessor-version":[{"id":3648,"href":"https:\/\/www.napoje.sk\/en\/wp-json\/wp\/v2\/pages\/3647\/revisions\/3648"}],"wp:attachment":[{"href":"https:\/\/www.napoje.sk\/en\/wp-json\/wp\/v2\/media?parent=3647"}],"curies":[{"name":"wp","href":"https:\/\/api.w.org\/{rel}","templated":true}]}}