{"id":5183,"date":"2025-10-07T09:08:09","date_gmt":"2025-10-07T07:08:09","guid":{"rendered":"https:\/\/www.napoje.sk\/?post_type=product&#038;p=5183"},"modified":"2025-10-07T09:24:13","modified_gmt":"2025-10-07T07:24:13","slug":"teazz","status":"publish","type":"product","link":"https:\/\/www.napoje.sk\/en\/produkt\/teazz\/","title":{"rendered":"Teazz"},"content":{"rendered":"<header class=\"product dark\">\r\n\r\n            <img\r\n            class=\"bg\"\r\n            src=\"https:\/\/www.napoje.sk\/wp-content\/uploads\/sites\/2\/2025\/10\/teazz-podklad-1388x781.jpg\"\r\n            srcset=\"https:\/\/www.napoje.sk\/wp-content\/uploads\/sites\/2\/2025\/10\/teazz-podklad-1388x781.jpg 1x, https:\/\/www.napoje.sk\/wp-content\/uploads\/sites\/2\/2025\/10\/teazz-podklad.jpg 2x\"\r\n            alt=\"\">\r\n    \r\n    <div class=\"content\">\r\n        <div class=\"container\">\r\n            <div class=\"row\">\r\n                <div class=\"col-lg-6\">\r\n\r\n                    <section class=\"section-breadcrumbs\">\r\n    <div class=\"container\">\r\n        <ul class=\"breadcrumb\">\r\n            <li><a href=\"https:\/\/www.napoje.sk\/en\/\">Home page<\/a><\/li>\r\n                            <li><a href=\"https:\/\/www.napoje.sk\/en\/produkt\/teazz\/\">Teazz<\/a><\/li>\r\n                    <\/ul>\r\n    <\/div>\r\n<\/section>\r\n                    <div class=\"inner\">\r\n                        <div class=\"brand-content\">\r\n                                                            <div class=\"brand\">\r\n                                    <img\r\n                                        src=\"https:\/\/www.napoje.sk\/wp-content\/uploads\/sites\/2\/2025\/10\/TEAZZ-logo-CMYK_A-wclaim3.svg\"\r\n                                        srcset=\"https:\/\/www.napoje.sk\/wp-content\/uploads\/sites\/2\/2025\/10\/TEAZZ-logo-CMYK_A-wclaim3.svg 1x, https:\/\/www.napoje.sk\/wp-content\/uploads\/sites\/2\/2025\/10\/TEAZZ-logo-CMYK_A-wclaim3.svg 2x\"\r\n                                        alt=\"\">\r\n                                <\/div>\r\n                                                        <div>\r\n                                <h1>Teazz<\/h1>\r\n                                                                    <div class=\"category\">N\u00e1poje<\/div>\r\n                                                            <\/div>\r\n                        <\/div>\r\n                                                    <p>\r\n                                Tea with bubbles? Discover it with TEAZZ. Refresh yourself with an original taste and explore a unique combination of tea base, fruit juice, superfoods, and refreshing bubbles. No added sugar \u2014 sweetened only with fruit juice! Thanks to its caffeine content, it provides a gentle and gradual boost, giving you energy exactly when you need it. You can find Teazz in two unique flavors \u2014 available in a 0.33 L can or a convenient 1 L bottle.                            <\/p>\r\n                                                <div class=\"d-block d-lg-none position-relative\">\r\n                                                            <div class=\"image img-center\">\r\n                                    <img\r\n                                        src=\"https:\/\/www.napoje.sk\/wp-content\/uploads\/sites\/2\/2025\/10\/uvodny-slider-teazz-plechovky-549x640.webp\"\r\n                                        srcset=\"https:\/\/www.napoje.sk\/wp-content\/uploads\/sites\/2\/2025\/10\/uvodny-slider-teazz-plechovky-549x640.webp 1x, https:\/\/www.napoje.sk\/wp-content\/uploads\/sites\/2\/2025\/10\/uvodny-slider-teazz-plechovky.webp 2x\"\r\n                                        alt=\"\">\r\n                                <\/div>\r\n                            \r\n                                                    <\/div>\r\n                                                    <div class=\"action-social\">\r\n                                                                    <div class=\"action\">\r\n                                                <a class=\"btn btn-primary\" href=\"https:\/\/teazz.sk\/\" target=\"_self\">teazz.sk<\/a>\r\n                                        <\/div>\r\n                                                                                            <\/div>\r\n                                            <\/div>\r\n                <\/div>\r\n                <div class=\"col-lg-6 d-none d-lg-block position-relative\">\r\n                                        <div class=\"image img-center\">\r\n                        <img\r\n                            src=\"https:\/\/www.napoje.sk\/wp-content\/uploads\/sites\/2\/2025\/10\/uvodny-slider-teazz-plechovky-549x640.webp\"\r\n                            alt=\"\">\r\n                    <\/div>\r\n\r\n                                    <\/div>\r\n            <\/div>\r\n        <\/div>\r\n    <\/div>\r\n\r\n<\/header>\n\n<section class=\"section-products overflow-visible p-0 on-top light\">\r\n    <div class=\"container\">\r\n        \r\n    <div class=\"big\">\r\n        <div class=\"item-products big\">\r\n            <div class=\"row align-items-center\">\r\n                <div class=\"col-lg-6\">\r\n                    <div class=\"d-block d-lg-none\">\r\n                        <h2>Teazz Sparkling Tea \u2013 Black Tea, Cascara, Apricot<\/h2>\r\n                    <\/div>\r\n                    <div class=\"image\">\r\n                        <img\r\n                            src=\"https:\/\/www.napoje.sk\/wp-content\/uploads\/sites\/2\/2025\/10\/teazz-cierny-spolu.webp\"\r\n                            srcset=\"https:\/\/www.napoje.sk\/wp-content\/uploads\/sites\/2\/2025\/10\/teazz-cierny-spolu.webp 1x, https:\/\/www.napoje.sk\/wp-content\/uploads\/sites\/2\/2025\/10\/teazz-cierny-spolu.webp 2x\"\r\n                            alt=\"\">\r\n                                                                    <\/div>\r\n                                    <\/div>\r\n                <div class=\"col-lg-6\">\r\n                    <div class=\"content\">\r\n                        <div class=\"d-none d-lg-block\">\r\n                            <h2>Teazz Sparkling Tea \u2013 Black Tea, Cascara, Apricot<\/h2>\r\n                        <\/div>\r\n                        <div class=\"desc\">\r\n                            0,33 l | 1 l                        <\/div>\r\n                        <p>\r\n                            An original combination of black tea, cascara, and apricot takes you on a journey to exotic Latin America. Black tea gently stimulates body and mind, cascara adds a mild energizing effect, and apricot enriches the taste with vitamins and minerals. TEAZZ Sparkling Tea offers refreshment full of bubbles and naturally sweet flavor \u2014 without added sugar or sweeteners.                        <\/p>\r\n                        <div class=\"action\">\r\n                                                    <\/div>\r\n                    <\/div>\r\n                <\/div>\r\n            <\/div>\r\n        <\/div>\r\n    <\/div>\r\n\r\n\r\n    <div class=\"big\">\r\n        <div class=\"item-products big\">\r\n            <div class=\"row flex-row-reverse align-items-center\">\r\n                <div class=\"col-lg-6\">\r\n                    <div class=\"d-block d-lg-none\">\r\n                        <h2>Teazz Sparkling Tea \u2013 White Tea, Sea Buckthorn, Orange<\/h2>\r\n                    <\/div>\r\n                    <div class=\"image\">\r\n                        <img\r\n                            src=\"https:\/\/www.napoje.sk\/wp-content\/uploads\/sites\/2\/2025\/10\/teazz-biely-spolu.webp\"\r\n                            srcset=\"https:\/\/www.napoje.sk\/wp-content\/uploads\/sites\/2\/2025\/10\/teazz-biely-spolu.webp 1x, https:\/\/www.napoje.sk\/wp-content\/uploads\/sites\/2\/2025\/10\/teazz-biely-spolu.webp 2x\"\r\n                            alt=\"\">\r\n                                                                    <\/div>\r\n                                    <\/div>\r\n                <div class=\"col-lg-6\">\r\n                    <div class=\"content\">\r\n                        <div class=\"d-none d-lg-block\">\r\n                            <h2>Teazz Sparkling Tea \u2013 White Tea, Sea Buckthorn, Orange<\/h2>\r\n                        <\/div>\r\n                        <div class=\"desc\">\r\n                            0,33 l | 1 l                        <\/div>\r\n                        <p>\r\n                            The blend of white tea, sea buckthorn, and orange evokes the warmth of southern Europe. White tea gently stimulates and enhances focus. Sea buckthorn provides vitamins, antioxidants, and vitality, while orange adds freshness and minerals. Enjoy TEAZZ Sparkling Tea with no added sugar or sweeteners.                        <\/p>\r\n                        <div class=\"action\">\r\n                                                    <\/div>\r\n                    <\/div>\r\n                <\/div>\r\n            <\/div>\r\n        <\/div>\r\n    <\/div>\r\n\r\n    <\/div>\r\n<\/section>\n\n\n\n\n\n","protected":false},"featured_media":5184,"template":"","product-category":[49],"acf":[],"yoast_head":"<!-- This site is optimized with the Yoast SEO plugin v21.5 - https:\/\/yoast.com\/wordpress\/plugins\/seo\/ -->\n<title>Teazz | | N\u00e1poje Budi\u0161<\/title>\n<meta name=\"robots\" content=\"index, follow, max-snippet:-1, max-image-preview:large, max-video-preview:-1\" \/>\n<link rel=\"canonical\" href=\"https:\/\/www.napoje.sk\/en\/produkt\/teazz\/\" \/>\n<meta property=\"og:locale\" content=\"en_US\" \/>\n<meta property=\"og:type\" content=\"article\" \/>\n<meta property=\"og:title\" content=\"Teazz | | N\u00e1poje Budi\u0161\" \/>\n<meta property=\"og:url\" content=\"https:\/\/www.napoje.sk\/en\/produkt\/teazz\/\" \/>\n<meta property=\"og:site_name\" content=\"Budi\u0161\" \/>\n<meta property=\"article:modified_time\" content=\"2025-10-07T07:24:13+00:00\" \/>\n<meta property=\"og:image\" content=\"https:\/\/www.napoje.sk\/wp-content\/uploads\/sites\/2\/2025\/10\/ilustracny-obr-teazz.png\" \/>\n\t<meta property=\"og:image:width\" content=\"268\" \/>\n\t<meta property=\"og:image:height\" content=\"270\" \/>\n\t<meta property=\"og:image:type\" content=\"image\/png\" \/>\n<meta name=\"twitter:card\" content=\"summary_large_image\" \/>\n<script type=\"application\/ld+json\" class=\"yoast-schema-graph\">{\"@context\":\"https:\/\/schema.org\",\"@graph\":[{\"@type\":\"WebPage\",\"@id\":\"https:\/\/www.napoje.sk\/en\/produkt\/teazz\/\",\"url\":\"https:\/\/www.napoje.sk\/en\/produkt\/teazz\/\",\"name\":\"Teazz | | N\u00e1poje Budi\u0161\",\"isPartOf\":{\"@id\":\"https:\/\/www.napoje.sk\/#website\"},\"datePublished\":\"2025-10-07T07:08:09+00:00\",\"dateModified\":\"2025-10-07T07:24:13+00:00\",\"breadcrumb\":{\"@id\":\"https:\/\/www.napoje.sk\/en\/produkt\/teazz\/#breadcrumb\"},\"inLanguage\":\"en-US\",\"potentialAction\":[{\"@type\":\"ReadAction\",\"target\":[\"https:\/\/www.napoje.sk\/en\/produkt\/teazz\/\"]}]},{\"@type\":\"BreadcrumbList\",\"@id\":\"https:\/\/www.napoje.sk\/en\/produkt\/teazz\/#breadcrumb\",\"itemListElement\":[{\"@type\":\"ListItem\",\"position\":1,\"name\":\"Domovsk\u00e1 str\u00e1nka\",\"item\":\"https:\/\/www.napoje.sk\/en\/\"},{\"@type\":\"ListItem\",\"position\":2,\"name\":\"Teazz\"}]},{\"@type\":\"WebSite\",\"@id\":\"https:\/\/www.napoje.sk\/#website\",\"url\":\"https:\/\/www.napoje.sk\/\",\"name\":\"Budi\u0161\",\"description\":\"Bo\u017esk\u00e1 chu\u0165 miner\u00e1lky\",\"publisher\":{\"@id\":\"https:\/\/www.napoje.sk\/#organization\"},\"potentialAction\":[{\"@type\":\"SearchAction\",\"target\":{\"@type\":\"EntryPoint\",\"urlTemplate\":\"https:\/\/www.napoje.sk\/?s={search_term_string}\"},\"query-input\":\"required name=search_term_string\"}],\"inLanguage\":\"en-US\"},{\"@type\":\"Organization\",\"@id\":\"https:\/\/www.napoje.sk\/#organization\",\"name\":\"Budi\u0161\",\"url\":\"https:\/\/www.napoje.sk\/\",\"logo\":{\"@type\":\"ImageObject\",\"inLanguage\":\"en-US\",\"@id\":\"https:\/\/www.napoje.sk\/#\/schema\/logo\/image\/\",\"url\":\"https:\/\/www.napoje.sk\/wp-content\/uploads\/sites\/2\/2025\/02\/Budis-logo-menu01.svg\",\"contentUrl\":\"https:\/\/www.napoje.sk\/wp-content\/uploads\/sites\/2\/2025\/02\/Budis-logo-menu01.svg\",\"caption\":\"Budi\u0161\"},\"image\":{\"@id\":\"https:\/\/www.napoje.sk\/#\/schema\/logo\/image\/\"}}]}<\/script>\n<!-- \/ Yoast SEO plugin. -->","yoast_head_json":{"title":"Teazz | | N\u00e1poje Budi\u0161","robots":{"index":"index","follow":"follow","max-snippet":"max-snippet:-1","max-image-preview":"max-image-preview:large","max-video-preview":"max-video-preview:-1"},"canonical":"https:\/\/www.napoje.sk\/en\/produkt\/teazz\/","og_locale":"en_US","og_type":"article","og_title":"Teazz | | N\u00e1poje Budi\u0161","og_url":"https:\/\/www.napoje.sk\/en\/produkt\/teazz\/","og_site_name":"Budi\u0161","article_modified_time":"2025-10-07T07:24:13+00:00","og_image":[{"width":268,"height":270,"url":"https:\/\/www.napoje.sk\/wp-content\/uploads\/sites\/2\/2025\/10\/ilustracny-obr-teazz.png","type":"image\/png"}],"twitter_card":"summary_large_image","schema":{"@context":"https:\/\/schema.org","@graph":[{"@type":"WebPage","@id":"https:\/\/www.napoje.sk\/en\/produkt\/teazz\/","url":"https:\/\/www.napoje.sk\/en\/produkt\/teazz\/","name":"Teazz | | N\u00e1poje Budi\u0161","isPartOf":{"@id":"https:\/\/www.napoje.sk\/#website"},"datePublished":"2025-10-07T07:08:09+00:00","dateModified":"2025-10-07T07:24:13+00:00","breadcrumb":{"@id":"https:\/\/www.napoje.sk\/en\/produkt\/teazz\/#breadcrumb"},"inLanguage":"en-US","potentialAction":[{"@type":"ReadAction","target":["https:\/\/www.napoje.sk\/en\/produkt\/teazz\/"]}]},{"@type":"BreadcrumbList","@id":"https:\/\/www.napoje.sk\/en\/produkt\/teazz\/#breadcrumb","itemListElement":[{"@type":"ListItem","position":1,"name":"Domovsk\u00e1 str\u00e1nka","item":"https:\/\/www.napoje.sk\/en\/"},{"@type":"ListItem","position":2,"name":"Teazz"}]},{"@type":"WebSite","@id":"https:\/\/www.napoje.sk\/#website","url":"https:\/\/www.napoje.sk\/","name":"Budi\u0161","description":"Bo\u017esk\u00e1 chu\u0165 miner\u00e1lky","publisher":{"@id":"https:\/\/www.napoje.sk\/#organization"},"potentialAction":[{"@type":"SearchAction","target":{"@type":"EntryPoint","urlTemplate":"https:\/\/www.napoje.sk\/?s={search_term_string}"},"query-input":"required name=search_term_string"}],"inLanguage":"en-US"},{"@type":"Organization","@id":"https:\/\/www.napoje.sk\/#organization","name":"Budi\u0161","url":"https:\/\/www.napoje.sk\/","logo":{"@type":"ImageObject","inLanguage":"en-US","@id":"https:\/\/www.napoje.sk\/#\/schema\/logo\/image\/","url":"https:\/\/www.napoje.sk\/wp-content\/uploads\/sites\/2\/2025\/02\/Budis-logo-menu01.svg","contentUrl":"https:\/\/www.napoje.sk\/wp-content\/uploads\/sites\/2\/2025\/02\/Budis-logo-menu01.svg","caption":"Budi\u0161"},"image":{"@id":"https:\/\/www.napoje.sk\/#\/schema\/logo\/image\/"}}]}},"_links":{"self":[{"href":"https:\/\/www.napoje.sk\/en\/wp-json\/wp\/v2\/product\/5183"}],"collection":[{"href":"https:\/\/www.napoje.sk\/en\/wp-json\/wp\/v2\/product"}],"about":[{"href":"https:\/\/www.napoje.sk\/en\/wp-json\/wp\/v2\/types\/product"}],"version-history":[{"count":3,"href":"https:\/\/www.napoje.sk\/en\/wp-json\/wp\/v2\/product\/5183\/revisions"}],"predecessor-version":[{"id":5197,"href":"https:\/\/www.napoje.sk\/en\/wp-json\/wp\/v2\/product\/5183\/revisions\/5197"}],"wp:featuredmedia":[{"embeddable":true,"href":"https:\/\/www.napoje.sk\/en\/wp-json\/wp\/v2\/media\/5184"}],"wp:attachment":[{"href":"https:\/\/www.napoje.sk\/en\/wp-json\/wp\/v2\/media?parent=5183"}],"wp:term":[{"taxonomy":"product-category","embeddable":true,"href":"https:\/\/www.napoje.sk\/en\/wp-json\/wp\/v2\/product-category?post=5183"}],"curies":[{"name":"wp","href":"https:\/\/api.w.org\/{rel}","templated":true}]}}